{"id":601,"date":"2023-12-18T20:57:25","date_gmt":"2023-12-19T01:57:25","guid":{"rendered":"https:\/\/merkados.shop\/?post_type=product&#038;p=601"},"modified":"2023-12-19T17:17:01","modified_gmt":"2023-12-19T22:17:01","slug":"arroz-blanco","status":"publish","type":"product","link":"https:\/\/merkados.shop\/?product=arroz-blanco","title":{"rendered":"Arroz Blanco"},"content":{"rendered":"<ul class=\"info-list\">\n<li class=\"info-item\"><span class=\"info-key \">Denominaci\u00f3n del alimento:<\/span>\u00a0Arroz largo.<\/li>\n<li class=\"info-item\">Categor\u00eda EXTRA<\/li>\n<li class=\"info-item\"><span class=\"info-key \">Nombre del operador:<\/span>\u00a0Elaborado para El Corte Ingl\u00e9s por ARROZUA, S.C.A. Finca Veta La Mora S\/N, 41140 Isla Mayor (Sevilla), Espa\u00f1a.<\/li>\n<li class=\"info-item\"><span class=\"info-key \">Cantidad Neta:<\/span>\u00a01 Kilogramos<\/li>\n<li class=\"info-item\"><span class=\"info-key \">N\u00famero de raciones por envase:<\/span>\u00a010 de 100 g<\/li>\n<\/ul>\n","protected":false},"excerpt":{"rendered":"<p>Arroz descascarado al cual se le ha eliminado totalmente por elaboraci\u00f3n el germen y el salvado con adici\u00f3n de vitamina A y acido f\u00f3lico<\/p>\n","protected":false},"featured_media":602,"template":"","meta":{"om_disable_all_campaigns":false,"_monsterinsights_skip_tracking":false,"_monsterinsights_sitenote_active":false,"_monsterinsights_sitenote_note":"","_monsterinsights_sitenote_category":0},"product_cat":[34],"product_tag":[33],"class_list":{"0":"post-601","1":"product","2":"type-product","3":"status-publish","4":"has-post-thumbnail","6":"product_cat-despensa","7":"product_tag-arroz","9":"first","10":"instock","11":"shipping-taxable","12":"purchasable","13":"product-type-simple"},"aioseo_notices":[],"featured_image_urls":{"full":["https:\/\/merkados.shop\/wp-content\/uploads\/2023\/12\/00118005600343____3__600x600.jpg",600,600,false],"thumbnail":["https:\/\/merkados.shop\/wp-content\/uploads\/2023\/12\/00118005600343____3__600x600-150x150.jpg",150,150,true],"medium":["https:\/\/merkados.shop\/wp-content\/uploads\/2023\/12\/00118005600343____3__600x600-300x300.jpg",300,300,true],"medium_large":["https:\/\/merkados.shop\/wp-content\/uploads\/2023\/12\/00118005600343____3__600x600.jpg",600,600,false],"large":["https:\/\/merkados.shop\/wp-content\/uploads\/2023\/12\/00118005600343____3__600x600.jpg",600,600,false],"1536x1536":["https:\/\/merkados.shop\/wp-content\/uploads\/2023\/12\/00118005600343____3__600x600.jpg",600,600,false],"2048x2048":["https:\/\/merkados.shop\/wp-content\/uploads\/2023\/12\/00118005600343____3__600x600.jpg",600,600,false],"woocommerce_archive_thumbnail":["https:\/\/merkados.shop\/wp-content\/uploads\/2023\/12\/00118005600343____3__600x600.jpg",300,300,false],"woocommerce_thumbnail":["https:\/\/merkados.shop\/wp-content\/uploads\/2023\/12\/00118005600343____3__600x600-300x300.jpg",300,300,true],"woocommerce_single":["https:\/\/merkados.shop\/wp-content\/uploads\/2023\/12\/00118005600343____3__600x600.jpg",600,600,false],"woocommerce_gallery_thumbnail":["https:\/\/merkados.shop\/wp-content\/uploads\/2023\/12\/00118005600343____3__600x600-100x100.jpg",100,100,true]},"post_excerpt_stackable":"<p>Arroz descascarado al cual se le ha eliminado totalmente por elaboraci\u00f3n el germen y el salvado con adici\u00f3n de vitamina A y acido f\u00f3lico<\/p>\n","category_list":"","author_info":{"name":"","url":""},"comments_num":"0 comentarios","_links":{"self":[{"href":"https:\/\/merkados.shop\/index.php?rest_route=\/wp\/v2\/product\/601","targetHints":{"allow":["GET"]}}],"collection":[{"href":"https:\/\/merkados.shop\/index.php?rest_route=\/wp\/v2\/product"}],"about":[{"href":"https:\/\/merkados.shop\/index.php?rest_route=\/wp\/v2\/types\/product"}],"wp:featuredmedia":[{"embeddable":true,"href":"https:\/\/merkados.shop\/index.php?rest_route=\/wp\/v2\/media\/602"}],"wp:attachment":[{"href":"https:\/\/merkados.shop\/index.php?rest_route=%2Fwp%2Fv2%2Fmedia&parent=601"}],"wp:term":[{"taxonomy":"product_cat","embeddable":true,"href":"https:\/\/merkados.shop\/index.php?rest_route=%2Fwp%2Fv2%2Fproduct_cat&post=601"},{"taxonomy":"product_tag","embeddable":true,"href":"https:\/\/merkados.shop\/index.php?rest_route=%2Fwp%2Fv2%2Fproduct_tag&post=601"}],"curies":[{"name":"wp","href":"https:\/\/api.w.org\/{rel}","templated":true}]}}